{"id":12,"date":"2018-12-26T19:05:17","date_gmt":"2018-12-26T18:05:17","guid":{"rendered":"http:\/\/localhost\/evva\/?page_id=12"},"modified":"2019-01-24T17:12:26","modified_gmt":"2019-01-24T16:12:26","slug":"une-section-de-page-daccueil","status":"publish","type":"page","link":"https:\/\/gpuisegur.com\/?page_id=12","title":{"rendered":"Qui suis-je ?"},"content":{"rendered":"<p><img loading=\"lazy\" decoding=\"async\" class=\"size-medium wp-image-236 alignleft\" src=\"https:\/\/gpuisegur.com\/wp-content\/uploads\/2019\/01\/genevieve-identite-e1547309901561-205x300.jpg\" alt=\"\" width=\"205\" height=\"300\" srcset=\"https:\/\/gpuisegur.com\/wp-content\/uploads\/2019\/01\/genevieve-identite-e1547309901561-205x300.jpg 205w, https:\/\/gpuisegur.com\/wp-content\/uploads\/2019\/01\/genevieve-identite-e1547309901561.jpg 301w\" sizes=\"auto, (max-width: 205px) 85vw, 205px\" \/>Depuis plus de 20 ans, en parall\u00e8le avec mes activit\u00e9s d\u2019enseignante, je me suis form\u00e9e \u00e0 diverses techniques \u00e9nerg\u00e9tiques, tout en suivant de pr\u00e8s les avanc\u00e9es portant sur les incidences de la physique quantique sur le champ du vivant. Les r\u00e9flexions que m\u2019ont inspir\u00e9es les perspectives nouvelles \u00e9mergeant de la recherche, ainsi que la pratique de techniques vari\u00e9es, en lien avec l\u2019\u00e9nergie et l\u2019information, m\u2019ont permis de mesurer le r\u00f4le-cl\u00e9 jou\u00e9 par la qualit\u00e9 de pr\u00e9sence du praticien et du niveau de conscience dans lequel se d\u00e9roule la pratique. Je restais toutefois \u00e0 la recherche d\u2019une m\u00e9thode simple et accessible \u00e0 tous qui apporte des r\u00e9solutions rapides et convaincantes.<\/p>\n<p>C\u2019est pourquoi la d\u00e9couverte du travail effectu\u00e9 par le Dr Leroy, ayant d\u00e9bouch\u00e9 sur la cr\u00e9ation de Numen Process, a \u00e9t\u00e9 pour moi un v\u00e9ritable Eur\u00eaka\u00a0! Numen process r\u00e9pondait en effet \u00e0 toutes mes attentes, en mettant une qualit\u00e9 optimale de pr\u00e9sence au c\u0153ur de la m\u00e9thode et du protocole.<\/p>\n<p>J\u2019ai alors entrepris de me former, tout d\u2019abord en tant que ma\u00eetre praticienne, puis en tant qu\u2019ontobionome, de fa\u00e7on \u00e0 pouvoir accompagner dans la dur\u00e9e toute personne s\u2019engageant dans un chemin de m\u00e9tamorphose vers son accomplissement et sa pleine souverainet\u00e9.<\/p>\n<p>Mon objectif est en effet de vous aider \u00e0 d\u00e9velopper et mat\u00e9rialiser tout votre potentiel, sur les plans physique, \u00e9motionnel, mental, psychologique, relationnel, professionnel, mat\u00e9riel et spirituel.<\/p>\n","protected":false},"excerpt":{"rendered":"<p>Depuis plus de 20 ans, en parall\u00e8le avec mes activit\u00e9s d\u2019enseignante, je me suis form\u00e9e \u00e0 diverses techniques \u00e9nerg\u00e9tiques, tout en suivant de pr\u00e8s les avanc\u00e9es portant sur les incidences de la physique quantique sur le champ du vivant. Les r\u00e9flexions que m\u2019ont inspir\u00e9es les perspectives nouvelles \u00e9mergeant de la recherche, ainsi que la pratique &hellip; <a href=\"https:\/\/gpuisegur.com\/?page_id=12\" class=\"more-link\">Continuer la lecture<span class=\"screen-reader-text\"> de &laquo;&nbsp;Qui suis-je ?&nbsp;&raquo;<\/span><\/a><\/p>\n","protected":false},"author":1,"featured_media":0,"parent":0,"menu_order":0,"comment_status":"closed","ping_status":"closed","template":"","meta":{"footnotes":""},"class_list":["post-12","page","type-page","status-publish","hentry"],"_links":{"self":[{"href":"https:\/\/gpuisegur.com\/index.php?rest_route=\/wp\/v2\/pages\/12","targetHints":{"allow":["GET"]}}],"collection":[{"href":"https:\/\/gpuisegur.com\/index.php?rest_route=\/wp\/v2\/pages"}],"about":[{"href":"https:\/\/gpuisegur.com\/index.php?rest_route=\/wp\/v2\/types\/page"}],"author":[{"embeddable":true,"href":"https:\/\/gpuisegur.com\/index.php?rest_route=\/wp\/v2\/users\/1"}],"replies":[{"embeddable":true,"href":"https:\/\/gpuisegur.com\/index.php?rest_route=%2Fwp%2Fv2%2Fcomments&post=12"}],"version-history":[{"count":6,"href":"https:\/\/gpuisegur.com\/index.php?rest_route=\/wp\/v2\/pages\/12\/revisions"}],"predecessor-version":[{"id":1151,"href":"https:\/\/gpuisegur.com\/index.php?rest_route=\/wp\/v2\/pages\/12\/revisions\/1151"}],"wp:attachment":[{"href":"https:\/\/gpuisegur.com\/index.php?rest_route=%2Fwp%2Fv2%2Fmedia&parent=12"}],"curies":[{"name":"wp","href":"https:\/\/api.w.org\/{rel}","templated":true}]}}