{"id":258,"date":"2019-01-11T18:10:23","date_gmt":"2019-01-11T17:10:23","guid":{"rendered":"http:\/\/gpuisegur.com\/evva\/?page_id=258"},"modified":"2019-04-26T23:52:20","modified_gmt":"2019-04-26T21:52:20","slug":"outils-daccompagnement","status":"publish","type":"page","link":"https:\/\/gpuisegur.com\/?page_id=258","title":{"rendered":"Outils d&rsquo;accompagnement"},"content":{"rendered":"<p>Pour vous accompagner en ontobionomie, je mets \u00e0 votre disposition de nombreux outils parmi lesquels la respiration en miroir, la pandiculation, la coh\u00e9rence cardiaque, la mise en coh\u00e9rence c\u00e9r\u00e9bro-cardio-intestinale, l&rsquo;arr\u00eat sur image, l&rsquo;auto-observation et l&rsquo;auto-rem\u00e9diation. Tous ces outils favorisant un \u00e9tat de paix active et de clart\u00e9 mentale, vous serez amen\u00e9.e.s \u00e0 les utiliser de fa\u00e7on tr\u00e8s r\u00e9guli\u00e8re, dans votre vie de tous les jours. Ce sont donc les outils de base, \u00e0 l&rsquo;usage desquels je propose de vous entra\u00eener. En compl\u00e9ment, en r\u00e9ponse \u00e0 des besoins sp\u00e9cifiques, ou simplement pour votre bien-\u00eatre, j&rsquo;utilise d&rsquo;autres outils dont le massage en lemniscate, la chauffe ombilicale, le psycho-p\u00e9ristaltisme intestinal et le <a href=\"..\/?page_id=302\">reiki<\/a>.<\/p>\n\n\n<div class=\"wp-block-image\"><figure class=\"alignleft is-resized\"><img loading=\"lazy\" decoding=\"async\" src=\"http:\/\/evva.gpuisegur.com\/wp-content\/uploads\/2019\/01\/outils01-e1547653857127.jpg\" alt=\"\" class=\"wp-image-261\" width=\"163\" height=\"136\"\/><\/figure><\/div>\n\n\n\n<p><a href=\"..\/?page_id=422\">Massage en lemniscate<\/a><\/p>\n\n\n\n<p><a href=\"..\/?page_id=450\">Chauffe ombilicale<\/a><\/p>\n\n\n\n<p><a href=\"..\/?page_id=478\">Massage biodynamique de lib\u00e9ration \u00e9motionnelle par le psycho-p\u00e9ristaltisme<\/a><\/p>\n","protected":false},"excerpt":{"rendered":"<p>Pour vous accompagner en ontobionomie, je mets \u00e0 votre disposition de nombreux outils parmi lesquels la respiration en miroir, la pandiculation, la coh\u00e9rence cardiaque, la mise en coh\u00e9rence c\u00e9r\u00e9bro-cardio-intestinale, l&rsquo;arr\u00eat sur image, l&rsquo;auto-observation et l&rsquo;auto-rem\u00e9diation. Tous ces outils favorisant un \u00e9tat de paix active et de clart\u00e9 mentale, vous serez amen\u00e9.e.s \u00e0 les utiliser de &hellip; <a href=\"https:\/\/gpuisegur.com\/?page_id=258\" class=\"more-link\">Continuer la lecture<span class=\"screen-reader-text\"> de &laquo;&nbsp;Outils d&rsquo;accompagnement&nbsp;&raquo;<\/span><\/a><\/p>\n","protected":false},"author":2,"featured_media":0,"parent":0,"menu_order":0,"comment_status":"closed","ping_status":"closed","template":"","meta":{"footnotes":""},"class_list":["post-258","page","type-page","status-publish","hentry"],"_links":{"self":[{"href":"https:\/\/gpuisegur.com\/index.php?rest_route=\/wp\/v2\/pages\/258","targetHints":{"allow":["GET"]}}],"collection":[{"href":"https:\/\/gpuisegur.com\/index.php?rest_route=\/wp\/v2\/pages"}],"about":[{"href":"https:\/\/gpuisegur.com\/index.php?rest_route=\/wp\/v2\/types\/page"}],"author":[{"embeddable":true,"href":"https:\/\/gpuisegur.com\/index.php?rest_route=\/wp\/v2\/users\/2"}],"replies":[{"embeddable":true,"href":"https:\/\/gpuisegur.com\/index.php?rest_route=%2Fwp%2Fv2%2Fcomments&post=258"}],"version-history":[{"count":17,"href":"https:\/\/gpuisegur.com\/index.php?rest_route=\/wp\/v2\/pages\/258\/revisions"}],"predecessor-version":[{"id":1405,"href":"https:\/\/gpuisegur.com\/index.php?rest_route=\/wp\/v2\/pages\/258\/revisions\/1405"}],"wp:attachment":[{"href":"https:\/\/gpuisegur.com\/index.php?rest_route=%2Fwp%2Fv2%2Fmedia&parent=258"}],"curies":[{"name":"wp","href":"https:\/\/api.w.org\/{rel}","templated":true}]}}