{"id":298,"date":"2019-01-12T16:32:06","date_gmt":"2019-01-12T15:32:06","guid":{"rendered":"http:\/\/gpuisegur.com\/evva\/?page_id=298"},"modified":"2019-01-24T16:25:57","modified_gmt":"2019-01-24T15:25:57","slug":"accueil-2","status":"publish","type":"page","link":"https:\/\/gpuisegur.com\/","title":{"rendered":"Accueil"},"content":{"rendered":"\n<p>Vous \u00eates confront\u00e9.e \u00e0 des difficult\u00e9s d\u2019ordre divers, qu\u2019il\ns\u2019agisse d\u2019un probl\u00e8me physique, \u00e9motionnel, psychique, relationnel,\nprofessionnel, mat\u00e9riel ou spirituel&nbsp;? Vous souhaitez donner \u00e0 votre vie\nplus de saveur, d\u2019intensit\u00e9 et de sens&nbsp;? Vous aspirez \u00e0 en reprendre la\nma\u00eetrise et \u00e0 la mener en pleine souverainet\u00e9&nbsp;? Vous vous sentez pr\u00eat.e \u00e0\nentreprendre une d\u00e9marche de transformation dont vous serez l\u2019acteur\/l\u2019actrice\nprincipale&nbsp;? Je suis \u00e0 votre disposition pour vous accompagner, en cabinet\nou \u00e0 distance. <\/p>\n\n\n\n<p>Je m\u2019appelle <a href=\"..\/?page_id=12\">Genevi\u00e8ve Puis\u00e9gur-Pouchin<\/a> et je suis accompagnatrice \u00e0 la transformation\u00a0; je suis praticienne Reiki Usui 2\u00e8me degr\u00e9 et ma\u00eetre praticien en  Numen Process.<\/p>\n\n\n\n<p><strong><a href=\"..\/?page_id=302\">Qu\u2019est-ce que le Reiki Usui&nbsp;?<\/a><a href=\"https:\/\/gpuisegur.com\/evva\/?page_id=302\"> <\/a><\/strong><\/p>\n\n\n\n<p><strong><a href=\"..\/?page_id=307\">Qu&rsquo;est-ce que Numen Process&nbsp;?<\/a><\/strong><\/p>\n\n\n\n<p><strong><a href=\"..\/?page_id=526\">Comment se d\u00e9roule une s\u00e9ance Numen Process ?<\/a><\/strong><\/p>\n\n\n\n<p><strong><a href=\"..\/?page_id=315\">Comment Numen Process est-il mis \u00e0 profit dans l\u2019accompagnement en ontobionomie&nbsp;?<\/a><\/strong><\/p>\n\n\n\n<p><\/p>\n","protected":false},"excerpt":{"rendered":"<p>Vous \u00eates confront\u00e9.e \u00e0 des difficult\u00e9s d\u2019ordre divers, qu\u2019il s\u2019agisse d\u2019un probl\u00e8me physique, \u00e9motionnel, psychique, relationnel, professionnel, mat\u00e9riel ou spirituel&nbsp;? Vous souhaitez donner \u00e0 votre vie plus de saveur, d\u2019intensit\u00e9 et de sens&nbsp;? Vous aspirez \u00e0 en reprendre la ma\u00eetrise et \u00e0 la mener en pleine souverainet\u00e9&nbsp;? Vous vous sentez pr\u00eat.e \u00e0 entreprendre une d\u00e9marche &hellip; <a href=\"https:\/\/gpuisegur.com\/\" class=\"more-link\">Continuer la lecture<span class=\"screen-reader-text\"> de &laquo;&nbsp;Accueil&nbsp;&raquo;<\/span><\/a><\/p>\n","protected":false},"author":1,"featured_media":0,"parent":0,"menu_order":0,"comment_status":"closed","ping_status":"closed","template":"","meta":{"footnotes":""},"class_list":["post-298","page","type-page","status-publish","hentry"],"_links":{"self":[{"href":"https:\/\/gpuisegur.com\/index.php?rest_route=\/wp\/v2\/pages\/298","targetHints":{"allow":["GET"]}}],"collection":[{"href":"https:\/\/gpuisegur.com\/index.php?rest_route=\/wp\/v2\/pages"}],"about":[{"href":"https:\/\/gpuisegur.com\/index.php?rest_route=\/wp\/v2\/types\/page"}],"author":[{"embeddable":true,"href":"https:\/\/gpuisegur.com\/index.php?rest_route=\/wp\/v2\/users\/1"}],"replies":[{"embeddable":true,"href":"https:\/\/gpuisegur.com\/index.php?rest_route=%2Fwp%2Fv2%2Fcomments&post=298"}],"version-history":[{"count":19,"href":"https:\/\/gpuisegur.com\/index.php?rest_route=\/wp\/v2\/pages\/298\/revisions"}],"predecessor-version":[{"id":1144,"href":"https:\/\/gpuisegur.com\/index.php?rest_route=\/wp\/v2\/pages\/298\/revisions\/1144"}],"wp:attachment":[{"href":"https:\/\/gpuisegur.com\/index.php?rest_route=%2Fwp%2Fv2%2Fmedia&parent=298"}],"curies":[{"name":"wp","href":"https:\/\/api.w.org\/{rel}","templated":true}]}}