{"id":302,"date":"2019-01-12T16:35:51","date_gmt":"2019-01-12T15:35:51","guid":{"rendered":"http:\/\/gpuisegur.com\/evva\/?page_id=302"},"modified":"2019-01-24T16:08:47","modified_gmt":"2019-01-24T15:08:47","slug":"quest-ce-que-le-reiki-usui","status":"publish","type":"page","link":"https:\/\/gpuisegur.com\/?page_id=302","title":{"rendered":"Qu\u2019est-ce que le Reiki Usui ?"},"content":{"rendered":"\n<p>Le Reiki est une m\u00e9thode de bien-\u00eatre mise au point au Japon par Mikao Usui (1865-1926), bas\u00e9e sur un toucher m\u00e9ditatif lib\u00e9rant les tensions du corps et de l\u2019esprit. Le Reiki se donne \u00e9galement \u00e0 distance. Permettant d\u2019aller chercher en soi ses ressources naturelles propres, il aide \u00e0 faire face aux al\u00e9as de la vie, dissoudre les blocages et s\u2019\u00e9panouir de fa\u00e7on fluide.<\/p>\n\n\n\n<p>Tarif : 30 \u20ac par tranche d&rsquo;une demi-heure, dur\u00e9e selon votre demande. Tarifs d\u00e9gressifs par tranches de cinq s\u00e9ances. <\/p>\n\n\n<p><a href=\"https:\/\/www.lafederationdereiki.org\/le-reiki\/\" target=\"_blank\"><img loading=\"lazy\" decoding=\"async\" class=\"size-full wp-image-424 alignright\" src=\"https:\/\/gpuisegur.com\/evva\/wp-content\/uploads\/2019\/01\/Reiki01.png\" alt=\"\" width=\"200\" height=\"141\">Pour en savoir plus &#8230;<\/a><\/p>","protected":false},"excerpt":{"rendered":"<p>Le Reiki est une m\u00e9thode de bien-\u00eatre mise au point au Japon par Mikao Usui (1865-1926), bas\u00e9e sur un toucher m\u00e9ditatif lib\u00e9rant les tensions du corps et de l\u2019esprit. Le Reiki se donne \u00e9galement \u00e0 distance. Permettant d\u2019aller chercher en soi ses ressources naturelles propres, il aide \u00e0 faire face aux al\u00e9as de la vie, &hellip; <a href=\"https:\/\/gpuisegur.com\/?page_id=302\" class=\"more-link\">Continuer la lecture<span class=\"screen-reader-text\"> de &laquo;&nbsp;Qu\u2019est-ce que le Reiki Usui ?&nbsp;&raquo;<\/span><\/a><\/p>\n","protected":false},"author":1,"featured_media":0,"parent":0,"menu_order":0,"comment_status":"closed","ping_status":"closed","template":"","meta":{"footnotes":""},"class_list":["post-302","page","type-page","status-publish","hentry"],"_links":{"self":[{"href":"https:\/\/gpuisegur.com\/index.php?rest_route=\/wp\/v2\/pages\/302","targetHints":{"allow":["GET"]}}],"collection":[{"href":"https:\/\/gpuisegur.com\/index.php?rest_route=\/wp\/v2\/pages"}],"about":[{"href":"https:\/\/gpuisegur.com\/index.php?rest_route=\/wp\/v2\/types\/page"}],"author":[{"embeddable":true,"href":"https:\/\/gpuisegur.com\/index.php?rest_route=\/wp\/v2\/users\/1"}],"replies":[{"embeddable":true,"href":"https:\/\/gpuisegur.com\/index.php?rest_route=%2Fwp%2Fv2%2Fcomments&post=302"}],"version-history":[{"count":16,"href":"https:\/\/gpuisegur.com\/index.php?rest_route=\/wp\/v2\/pages\/302\/revisions"}],"predecessor-version":[{"id":1131,"href":"https:\/\/gpuisegur.com\/index.php?rest_route=\/wp\/v2\/pages\/302\/revisions\/1131"}],"wp:attachment":[{"href":"https:\/\/gpuisegur.com\/index.php?rest_route=%2Fwp%2Fv2%2Fmedia&parent=302"}],"curies":[{"name":"wp","href":"https:\/\/api.w.org\/{rel}","templated":true}]}}