{"id":307,"date":"2019-01-12T16:47:44","date_gmt":"2019-01-12T15:47:44","guid":{"rendered":"http:\/\/gpuisegur.com\/evva\/?page_id=307"},"modified":"2019-11-07T18:53:58","modified_gmt":"2019-11-07T17:53:58","slug":"quest-ce-que-numen-process","status":"publish","type":"page","link":"https:\/\/gpuisegur.com\/?page_id=307","title":{"rendered":"Qu&rsquo;est-ce que Numen Process ?"},"content":{"rendered":"\n<p>Numen process est un proc\u00e9d\u00e9 qui permet, en suivant un protocole pr\u00e9cis, d\u2019acc\u00e9der en quelques instants \u00e0 une qualit\u00e9 de pr\u00e9sente particuli\u00e8re, l\u2019\u00e9piconscience, qui transcende notre champ mental ordinaire. Cet \u00e9tat de conscience ouvre sur un niveau de r\u00e9alit\u00e9 sup\u00e9rieur \u00e0 celui o\u00f9 le probl\u00e8me a pris naissance. Ce niveau sup\u00e9rieur de r\u00e9alit\u00e9 permet \u00e0 la situation initiale, ayant motiv\u00e9 la consultation, d\u2019\u00e9voluer vers son expression optimale. <\/p>\n\n\n\n<p>Les r\u00e9solutions peuvent \u00eatre imm\u00e9diates, notamment pour un probl\u00e8me\nde douleur physique, ou prendre un peu plus de temps, selon le d\u00e9ploiement du\nchamp numineux dans notre espace-temps, par exemple pour un probl\u00e8me\nrelationnel ou professionnel.<\/p>\n\n\n\n<p>Dans tous les cas, l\u2019expression numineuse vous apporte ce\nqui est r\u00e9ellement juste et bon pour votre \u00e9panouissement personnel. Le\nprocessus numineux ne se r\u00e9duit pas \u00e0 ce que vous croyez ou ce que vous voulez.\nAllant bien au-del\u00e0 de ce que vous pouvez imaginer et attendre depuis votre\nchamp mental ordinaire, il vous offre la r\u00e9ponse optimale \u00e0 votre situation, ce\nqui est souvent l\u2019occasion de tr\u00e8s belles surprises. Aussi, laissez-vous\nsurprendre en vous en remettant \u00e0 l\u2019intelligence de l\u2019Univers et en vous\nlaissant porter par le Numen.<\/p>\n\n\n\n<p><em>No problem can be\nsolved from the same level of consciousness that created it.<br>\n(Il n\u2019est pas possible de r\u00e9soudre un probl\u00e8me en restant au niveau de\nconscience qui l\u2019a vu na\u00eetre.)<br>\n<\/em>Albert Einstein<\/p>\n\n\n<p><span style=\"color: #0000ff;\"><strong>A quoi sert Numen Process&nbsp;?<\/strong><\/span><\/p>\n<p>Numen process vous permet de r\u00e9soudre tout probl\u00e8me de la vie quotidienne, qu\u2019il soit d\u2019ordre physique, mat\u00e9riel, relationnel, intellectuel, psychologique, affectif ou spirituel.<\/p>\n<p><span style=\"color: #0000ff;\"><strong>D&rsquo;o\u00f9 vient&nbsp; Numen Process&nbsp;?<\/strong><\/span><\/p>\n<p><span style=\"color: #000000;\">Numen Process a \u00e9t\u00e9 mis au point par le St\u00e9phane Leroy*, docteur en chirurgie dentaire, naturoth\u00e9rapeute, enseignant et conf\u00e9rencier. En capitalisant et en mettant en synergie ses diff\u00e9rentes expertises et les enseignements acquis au fil de ses multiples exp\u00e9riences dans diff\u00e9rentes r\u00e9gions du globe, il a \u00e9tabli une d\u00e9marche et une m\u00e9thode innovante, coh\u00e9rente avec les d\u00e9couvertes scientifiques les plus r\u00e9centes, incluant l\u2019\u00e9pig\u00e9n\u00e9tique, en lien avec les derniers d\u00e9veloppements de la physique quantique.<\/span><\/p>\n\n\n<p>* <em><a rel=\"noreferrer noopener\" aria-label=\"Qui est le Dr St\u00e9phane Leroy&nbsp;? (s\u2019ouvre dans un nouvel onglet)\" href=\"https:\/\/www.numenprocess.fr\/qui-est-le-docteur-stephane-leroy\/\" target=\"_blank\">Qui est le Dr St\u00e9phane Leroy&nbsp;?<\/a><\/em><\/p>\n\n\n\n<p><strong><em>Pour en savoir plus&nbsp;:<\/em><\/strong><\/p>\n\n\n\n<figure class=\"wp-block-video\">\n<video controls=\"\" src=\"https:\/\/kartrausers.s3.amazonaws.com\/gregorymangano\/115197_1517919345706PresentationNumenProcess.mp4?v=0\" width=\"640\"><\/video><\/figure>\n\n\n\n<p><strong><em> <\/em><\/strong>Pr\u00e9sentation vid\u00e9o de Numen Process par son inventeur <br><\/p>\n\n\n\n<iframe loading=\"lazy\" src=\"https:\/\/www.numenprocess.com\/documentaire-numen-process?r_done=1\" webkitallowfullscreen=\"\" mozallowfullscreen=\"\" allowfullscreen=\"\" width=\"640\" height=\"307\" frameborder=\"0\"><\/iframe>\n<p><\/p>\n\n\n\n<p> \u00ab\u00a0R\u00e9ENCHANTER LA VIE\u00a0\u00bb  :   <strong>Un Film Documentaire de Morya\u00a0Tchibinda<\/strong> <\/p>\n\n\n\n<p>et cet article : <em><a rel=\"noreferrer noopener\" href=\"https:\/\/www.numenprocess.fr\/10-cles-pour-comprendre-numen-process\/\" target=\"_blank\">10 cl\u00e9s pour comprendre&nbsp;Numen Process<\/a><\/em><\/p>\n","protected":false},"excerpt":{"rendered":"<p>Numen process est un proc\u00e9d\u00e9 qui permet, en suivant un protocole pr\u00e9cis, d\u2019acc\u00e9der en quelques instants \u00e0 une qualit\u00e9 de pr\u00e9sente particuli\u00e8re, l\u2019\u00e9piconscience, qui transcende notre champ mental ordinaire. Cet \u00e9tat de conscience ouvre sur un niveau de r\u00e9alit\u00e9 sup\u00e9rieur \u00e0 celui o\u00f9 le probl\u00e8me a pris naissance. Ce niveau sup\u00e9rieur de r\u00e9alit\u00e9 permet \u00e0 &hellip; <a href=\"https:\/\/gpuisegur.com\/?page_id=307\" class=\"more-link\">Continuer la lecture<span class=\"screen-reader-text\"> de &laquo;&nbsp;Qu&rsquo;est-ce que Numen Process ?&nbsp;&raquo;<\/span><\/a><\/p>\n","protected":false},"author":1,"featured_media":0,"parent":0,"menu_order":0,"comment_status":"closed","ping_status":"closed","template":"","meta":{"footnotes":""},"class_list":["post-307","page","type-page","status-publish","hentry"],"_links":{"self":[{"href":"https:\/\/gpuisegur.com\/index.php?rest_route=\/wp\/v2\/pages\/307","targetHints":{"allow":["GET"]}}],"collection":[{"href":"https:\/\/gpuisegur.com\/index.php?rest_route=\/wp\/v2\/pages"}],"about":[{"href":"https:\/\/gpuisegur.com\/index.php?rest_route=\/wp\/v2\/types\/page"}],"author":[{"embeddable":true,"href":"https:\/\/gpuisegur.com\/index.php?rest_route=\/wp\/v2\/users\/1"}],"replies":[{"embeddable":true,"href":"https:\/\/gpuisegur.com\/index.php?rest_route=%2Fwp%2Fv2%2Fcomments&post=307"}],"version-history":[{"count":27,"href":"https:\/\/gpuisegur.com\/index.php?rest_route=\/wp\/v2\/pages\/307\/revisions"}],"predecessor-version":[{"id":1566,"href":"https:\/\/gpuisegur.com\/index.php?rest_route=\/wp\/v2\/pages\/307\/revisions\/1566"}],"wp:attachment":[{"href":"https:\/\/gpuisegur.com\/index.php?rest_route=%2Fwp%2Fv2%2Fmedia&parent=307"}],"curies":[{"name":"wp","href":"https:\/\/api.w.org\/{rel}","templated":true}]}}