{"id":422,"date":"2019-01-14T19:08:04","date_gmt":"2019-01-14T18:08:04","guid":{"rendered":"http:\/\/gpuisegur.com\/evva\/?page_id=422"},"modified":"2019-04-26T18:09:12","modified_gmt":"2019-04-26T16:09:12","slug":"massage-en-lemniscate","status":"publish","type":"page","link":"https:\/\/gpuisegur.com\/?page_id=422","title":{"rendered":"Massage en lemniscate"},"content":{"rendered":"\n<div class=\"wp-block-image\"><figure class=\"alignleft is-resized\"><img loading=\"lazy\" decoding=\"async\" src=\"https:\/\/gpuisegur.com\/wp-content\/uploads\/2019\/01\/lemniscate02.jpg\" alt=\"\" class=\"wp-image-1122\" width=\"341\" height=\"256\" srcset=\"https:\/\/gpuisegur.com\/wp-content\/uploads\/2019\/01\/lemniscate02.jpg 700w, https:\/\/gpuisegur.com\/wp-content\/uploads\/2019\/01\/lemniscate02-300x225.jpg 300w\" sizes=\"auto, (max-width: 341px) 85vw, 341px\" \/><\/figure><\/div>\n\n\n\n<p>Il s\u2019agit d\u2019un massage \u00e0 l\u2019huile sur tout le corps, suivant un protocole pr\u00e9cis. Ce massage se r\u00e9alise de mani\u00e8re continue et rythm\u00e9e, en effectuant des mouvements fluides en forme de 8, symbole de l&rsquo;infini, dans tous les sens, sens, horizontal, vertical, en 3 dimensions. Pendant ce massage, je me place en \u00e9tat d\u2019\u00e9piconscience, qualit\u00e9 de pr\u00e9sence particuli\u00e8re dans lequel s\u2019effectue Numen Process. <\/p>\n\n\n\n<p>Les\nbienfaits de ce massage sont multiples&nbsp;: <\/p>\n\n\n\n<ul class=\"wp-block-list\"><li>Il aide le circuit \u00e9nerg\u00e9tique \u00e0 se fluidifier<\/li><li>Il facilite les communications internes et l\u2019information circulante<\/li><li>Il apaise le champ mental et am\u00e9liore la clart\u00e9 mentale<\/li><li>Il est \u00e0 la fois dynamisant et apaisant<\/li><li>Il a un effet r\u00e9solutif et drainant<\/li><li>Il stimule le syst\u00e8me immunitaire<\/li><li>Il lib\u00e8re en douceur les informations bloqu\u00e9es localement<\/li><li>Il d\u00e9clenche la production d\u2019ocytocine, de dopamine et de s\u00e9rotonine intestinale<\/li><li>Il vous am\u00e8ne vers un \u00e9tat de paix active.<\/li><\/ul>\n\n\n\n<p>Vous vous sentez alors plus centr\u00e9.e et \u00e9quilibr\u00e9.e, et ressentez une sensation d\u2019harmonie et de calme int\u00e9rieur.<\/p>\n\n\n\n<p>\nBien que ce massage s\u2019adresse \u00e0 tous\/toutes, il est particuli\u00e8rement \nindiqu\u00e9 en cas de baisse de moral ou de d\u00e9faut d\u2019acceptation de \nsoi-m\u00eame.\n\n<\/p>\n\n\n\n<p>Pour le massage complet, pr\u00e9voyez au minimum une heure&nbsp;; si vous le souhaitez, nous pourrons prendre un temps suppl\u00e9mentaire pour vous permettre d\u2019exprimer vos ressentis.<\/p>\n\n\n\n<p>Tarif : 60 \u20ac (une heure)<\/p>\n\n\n\n<p><br><\/p>\n","protected":false},"excerpt":{"rendered":"<p>Il s\u2019agit d\u2019un massage \u00e0 l\u2019huile sur tout le corps, suivant un protocole pr\u00e9cis. Ce massage se r\u00e9alise de mani\u00e8re continue et rythm\u00e9e, en effectuant des mouvements fluides en forme de 8, symbole de l&rsquo;infini, dans tous les sens, sens, horizontal, vertical, en 3 dimensions. Pendant ce massage, je me place en \u00e9tat d\u2019\u00e9piconscience, qualit\u00e9 &hellip; <a href=\"https:\/\/gpuisegur.com\/?page_id=422\" class=\"more-link\">Continuer la lecture<span class=\"screen-reader-text\"> de &laquo;&nbsp;Massage en lemniscate&nbsp;&raquo;<\/span><\/a><\/p>\n","protected":false},"author":1,"featured_media":0,"parent":0,"menu_order":0,"comment_status":"closed","ping_status":"closed","template":"","meta":{"footnotes":""},"class_list":["post-422","page","type-page","status-publish","hentry"],"_links":{"self":[{"href":"https:\/\/gpuisegur.com\/index.php?rest_route=\/wp\/v2\/pages\/422","targetHints":{"allow":["GET"]}}],"collection":[{"href":"https:\/\/gpuisegur.com\/index.php?rest_route=\/wp\/v2\/pages"}],"about":[{"href":"https:\/\/gpuisegur.com\/index.php?rest_route=\/wp\/v2\/types\/page"}],"author":[{"embeddable":true,"href":"https:\/\/gpuisegur.com\/index.php?rest_route=\/wp\/v2\/users\/1"}],"replies":[{"embeddable":true,"href":"https:\/\/gpuisegur.com\/index.php?rest_route=%2Fwp%2Fv2%2Fcomments&post=422"}],"version-history":[{"count":12,"href":"https:\/\/gpuisegur.com\/index.php?rest_route=\/wp\/v2\/pages\/422\/revisions"}],"predecessor-version":[{"id":1400,"href":"https:\/\/gpuisegur.com\/index.php?rest_route=\/wp\/v2\/pages\/422\/revisions\/1400"}],"wp:attachment":[{"href":"https:\/\/gpuisegur.com\/index.php?rest_route=%2Fwp%2Fv2%2Fmedia&parent=422"}],"curies":[{"name":"wp","href":"https:\/\/api.w.org\/{rel}","templated":true}]}}