{"id":450,"date":"2019-01-15T17:42:01","date_gmt":"2019-01-15T16:42:01","guid":{"rendered":"http:\/\/gpuisegur.com\/evva\/?page_id=450"},"modified":"2019-04-26T23:49:48","modified_gmt":"2019-04-26T21:49:48","slug":"chauffe-ombilicale","status":"publish","type":"page","link":"https:\/\/gpuisegur.com\/?page_id=450","title":{"rendered":"Chauffe ombilicale"},"content":{"rendered":"\n<p>Technique simple et puissante, la purification de l\u2019ombilic est un rituel de gu\u00e9rison tr\u00e8s ancien, d\u2019origine tib\u00e9taine, pratiqu\u00e9e par les lamas m\u00e9decins. <br> L\u2019ombilic constitue la premi\u00e8re de nos cicatrices. Vestige du lien nutritif avec notre m\u00e8re, il a enregistr\u00e9 dans la m\u00e9moire cellulaire les souvenirs li\u00e9s \u00e0 la vie ut\u00e9rine et \u00e0 l\u2019accouchement. Il porte des informations concernant le lien avec la m\u00e8re, avec le pass\u00e9 et le transg\u00e9n\u00e9rationnel. Il est aussi le 1<sup>er<\/sup> signe physique de la s\u00e9paration que constituent l\u2019expulsion de la matrice et la rupture du cordon nourricier.<\/p>\n\n\n\n<div class=\"wp-block-image\"><figure class=\"aligncenter\"><img loading=\"lazy\" decoding=\"async\" width=\"640\" height=\"435\" src=\"http:\/\/evva.gpuisegur.com\/wp-content\/uploads\/2019\/01\/chauffe.jpg\" alt=\"\" class=\"wp-image-514\" srcset=\"https:\/\/gpuisegur.com\/wp-content\/uploads\/2019\/01\/chauffe.jpg 640w, https:\/\/gpuisegur.com\/wp-content\/uploads\/2019\/01\/chauffe-300x204.jpg 300w\" sizes=\"auto, (max-width: 640px) 85vw, 640px\" \/><\/figure><\/div>\n\n\n\n<p>En r\u00e9alisant un nettoyage \u00ab&nbsp;matriciel&nbsp;\u00bb, la chauffe ombilicale (<em>ou chauffe tib\u00e9taine<\/em>) efface les empreintes encore actives du pass\u00e9, r\u00e9cent, p\u00e9rinatal ou plus lointain&nbsp;; elle assainit les liens n\u00e9gatifs avec nos parents, a\u00efeux, fr\u00e8res et s\u0153urs, et restaure en nous un sentiment d\u2019unit\u00e9.<\/p>\n\n\n\n<p>Cette chauffe procure de nombreux bienfaits&nbsp;:<\/p>\n\n\n\n<ul class=\"wp-block-list\"><li>Elle am\u00e9liore l\u2019\u00e9quilibre int\u00e9rieur et le bien-\u00eatre<\/li><li> Elle  facilite le d\u00e9tachement \u00e9motionnel<\/li><li> Elle  procure un sentiment de l\u00e9g\u00e8ret\u00e9<\/li><li> Elle  aide \u00e0 l\u00e2cher prise<\/li><li> Elle  d\u00e9sactive des peurs et des angoisses<\/li><\/ul>\n\n\n\n<p>Pour effectuer cette chauffe, j\u2019utilise des c\u00f4nes d\u2019encens tib\u00e9tain d\u2019oliban (Boswellia)&nbsp;naturel et pur, du sel rose de l\u2019Himalaya, de l\u2019huile essentielle de lavande bio et des Fleurs de Bach Rescue. <br> Je me place en \u00e9tat d\u2019\u00e9piconscience pendant toute la dur\u00e9e de la chauffe. <\/p>\n\n\n\n<p> Ce soin se pratique en quatre s\u00e9ances d\u2019une demi-heure chacune. Les trois premi\u00e8res s\u00e9ances sont espac\u00e9es d\u2019environ 10 jours, la quatri\u00e8me ayant lieu un mois plus tard. <\/p>\n\n\n\n<p>Forfait pour les 4 s\u00e9ances : 100  \u20ac<\/p>\n","protected":false},"excerpt":{"rendered":"<p>Technique simple et puissante, la purification de l\u2019ombilic est un rituel de gu\u00e9rison tr\u00e8s ancien, d\u2019origine tib\u00e9taine, pratiqu\u00e9e par les lamas m\u00e9decins. L\u2019ombilic constitue la premi\u00e8re de nos cicatrices. Vestige du lien nutritif avec notre m\u00e8re, il a enregistr\u00e9 dans la m\u00e9moire cellulaire les souvenirs li\u00e9s \u00e0 la vie ut\u00e9rine et \u00e0 l\u2019accouchement. Il porte &hellip; <a href=\"https:\/\/gpuisegur.com\/?page_id=450\" class=\"more-link\">Continuer la lecture<span class=\"screen-reader-text\"> de &laquo;&nbsp;Chauffe ombilicale&nbsp;&raquo;<\/span><\/a><\/p>\n","protected":false},"author":1,"featured_media":0,"parent":0,"menu_order":0,"comment_status":"closed","ping_status":"closed","template":"","meta":{"footnotes":""},"class_list":["post-450","page","type-page","status-publish","hentry"],"_links":{"self":[{"href":"https:\/\/gpuisegur.com\/index.php?rest_route=\/wp\/v2\/pages\/450","targetHints":{"allow":["GET"]}}],"collection":[{"href":"https:\/\/gpuisegur.com\/index.php?rest_route=\/wp\/v2\/pages"}],"about":[{"href":"https:\/\/gpuisegur.com\/index.php?rest_route=\/wp\/v2\/types\/page"}],"author":[{"embeddable":true,"href":"https:\/\/gpuisegur.com\/index.php?rest_route=\/wp\/v2\/users\/1"}],"replies":[{"embeddable":true,"href":"https:\/\/gpuisegur.com\/index.php?rest_route=%2Fwp%2Fv2%2Fcomments&post=450"}],"version-history":[{"count":5,"href":"https:\/\/gpuisegur.com\/index.php?rest_route=\/wp\/v2\/pages\/450\/revisions"}],"predecessor-version":[{"id":1403,"href":"https:\/\/gpuisegur.com\/index.php?rest_route=\/wp\/v2\/pages\/450\/revisions\/1403"}],"wp:attachment":[{"href":"https:\/\/gpuisegur.com\/index.php?rest_route=%2Fwp%2Fv2%2Fmedia&parent=450"}],"curies":[{"name":"wp","href":"https:\/\/api.w.org\/{rel}","templated":true}]}}