{"id":478,"date":"2019-01-16T15:09:08","date_gmt":"2019-01-16T14:09:08","guid":{"rendered":"http:\/\/gpuisegur.com\/evva\/?page_id=478"},"modified":"2019-04-26T18:08:31","modified_gmt":"2019-04-26T16:08:31","slug":"massage-biodynamique-de-liberation-emotionnelle-par-le-psycho-peristaltisme","status":"publish","type":"page","link":"https:\/\/gpuisegur.com\/?page_id=478","title":{"rendered":"Massage biodynamique de lib\u00e9ration \u00e9motionnelle par le psycho-p\u00e9ristaltisme"},"content":{"rendered":"\n<p>Ce message met en action le psycho-p\u00e9ristaltisme intestinal\nafin de dig\u00e9rer les r\u00e9sidus m\u00e9taboliques des conflits \u00e9motionnels et de\ndissoudre les cuirasses tissulaires. <\/p>\n\n\n\n<div class=\"wp-block-image\"><figure class=\"aligncenter\"><img loading=\"lazy\" decoding=\"async\" width=\"640\" height=\"564\" src=\"http:\/\/evva.gpuisegur.com\/wp-content\/uploads\/2019\/01\/liberation.jpg\" alt=\"\" class=\"wp-image-515\" srcset=\"https:\/\/gpuisegur.com\/wp-content\/uploads\/2019\/01\/liberation.jpg 640w, https:\/\/gpuisegur.com\/wp-content\/uploads\/2019\/01\/liberation-300x264.jpg 300w\" sizes=\"auto, (max-width: 640px) 85vw, 640px\" \/><\/figure><\/div>\n\n\n\n<p>Par un massage sp\u00e9cifique, effectu\u00e9 en \u00e9tat d\u2019\u00e9piconscience,\nincluant tapotements, pressions et petites lemniscates, je provoque un stimulus\nint\u00e9rieur qui d\u00e9clenche un processus dynamique permettant la manifestation et\nla d\u00e9charge d\u2019\u00e9motions bloqu\u00e9es dans le corps. <\/p>\n\n\n\n<p>Pendant le message, j\u2019\u00e9coute le processus p\u00e9ristaltique de\nvos intestins via un st\u00e9thoscope pos\u00e9 sur votre ventre. Les bruits entendus me\npermettent d\u2019observer et d\u2019accompagner le d\u00e9clenchement et le d\u00e9roulement du\nprocessus de fonte de l\u2019\u00e9nergie \u00e9motionnelle.<\/p>\n\n\n\n<p>Ce massage est particuli\u00e8rement indiqu\u00e9 en cas de blocage\n\u00e9motionnel, de manque de confiance en soi, de phobies inexpliqu\u00e9es, d\u2019\u00e9tat de\ntristesse durable et de mal-\u00eatre sans cause apparente. <\/p>\n\n\n\n<p>Selon la personne, sa dur\u00e9e peut varier entre une demi-heure et deux heures. Il peut \u00eatre utile de compl\u00e9ter par une s\u00e9ance de massage en lemniscate dans les 15 jours suivants. <\/p>\n\n\n\n<p>\nTarif : 30 \u20ac par tranche d\u2019une demi-heure\n\n<\/p>\n","protected":false},"excerpt":{"rendered":"<p>Ce message met en action le psycho-p\u00e9ristaltisme intestinal afin de dig\u00e9rer les r\u00e9sidus m\u00e9taboliques des conflits \u00e9motionnels et de dissoudre les cuirasses tissulaires. Par un massage sp\u00e9cifique, effectu\u00e9 en \u00e9tat d\u2019\u00e9piconscience, incluant tapotements, pressions et petites lemniscates, je provoque un stimulus int\u00e9rieur qui d\u00e9clenche un processus dynamique permettant la manifestation et la d\u00e9charge d\u2019\u00e9motions bloqu\u00e9es &hellip; <a href=\"https:\/\/gpuisegur.com\/?page_id=478\" class=\"more-link\">Continuer la lecture<span class=\"screen-reader-text\"> de &laquo;&nbsp;Massage biodynamique de lib\u00e9ration \u00e9motionnelle par le psycho-p\u00e9ristaltisme&nbsp;&raquo;<\/span><\/a><\/p>\n","protected":false},"author":1,"featured_media":0,"parent":0,"menu_order":0,"comment_status":"closed","ping_status":"closed","template":"","meta":{"footnotes":""},"class_list":["post-478","page","type-page","status-publish","hentry"],"_links":{"self":[{"href":"https:\/\/gpuisegur.com\/index.php?rest_route=\/wp\/v2\/pages\/478","targetHints":{"allow":["GET"]}}],"collection":[{"href":"https:\/\/gpuisegur.com\/index.php?rest_route=\/wp\/v2\/pages"}],"about":[{"href":"https:\/\/gpuisegur.com\/index.php?rest_route=\/wp\/v2\/types\/page"}],"author":[{"embeddable":true,"href":"https:\/\/gpuisegur.com\/index.php?rest_route=\/wp\/v2\/users\/1"}],"replies":[{"embeddable":true,"href":"https:\/\/gpuisegur.com\/index.php?rest_route=%2Fwp%2Fv2%2Fcomments&post=478"}],"version-history":[{"count":5,"href":"https:\/\/gpuisegur.com\/index.php?rest_route=\/wp\/v2\/pages\/478\/revisions"}],"predecessor-version":[{"id":1399,"href":"https:\/\/gpuisegur.com\/index.php?rest_route=\/wp\/v2\/pages\/478\/revisions\/1399"}],"wp:attachment":[{"href":"https:\/\/gpuisegur.com\/index.php?rest_route=%2Fwp%2Fv2%2Fmedia&parent=478"}],"curies":[{"name":"wp","href":"https:\/\/api.w.org\/{rel}","templated":true}]}}