{"id":9,"date":"2018-12-26T19:05:17","date_gmt":"2018-12-26T18:05:17","guid":{"rendered":"http:\/\/localhost\/evva\/?page_id=9"},"modified":"2019-04-26T23:45:07","modified_gmt":"2019-04-26T21:45:07","slug":"a-propos-de","status":"publish","type":"page","link":"https:\/\/gpuisegur.com\/?page_id=9","title":{"rendered":"\u00c0 propos :"},"content":{"rendered":"<p><span style=\"color: #0000ff;\"><strong>Numen Process et ontobionomie en r\u00e9sum\u00e9<\/strong><\/span><\/p>\n<p>Numen Process (en abr\u00e9g\u00e9, NP) est une m\u00e9thode n\u00e9e d\u2019exp\u00e9riences personnelles et trans-personnelles v\u00e9cues par son cr\u00e9ateur, le docteur St\u00e9phane Leroy, \u00e0 travers des enseignements tant chamaniques que spirituels avec des ma\u00eetres issus de diverses traditions, notamment tib\u00e9taine et orthodoxe, conjugu\u00e9s avec un travail impressionnant au niveau universitaire. Le Dr Leroy a mis en synergie les connaissances et d\u00e9couvertes les plus r\u00e9centes en neurosciences, en physique quantique ainsi qu\u2019en physiologie et biologie humaines. La capitalisation et la synth\u00e8se de ses multiples exp\u00e9riences et connaissances ont permis le surgissement de la m\u00e9thode NP, en tant que tout coh\u00e9rent.<\/p>\n<p>Au-del\u00e0 d\u2019une m\u00e9thode, NP repose avant tout sur une qualit\u00e9 de pr\u00e9sence sp\u00e9cifique, bas\u00e9e sur l\u2019approche du propos v\u00e9ritable de la personne qui vient confier son probl\u00e8me. Approche tr\u00e8s particuli\u00e8re, puisqu\u2019\u00e0 la fois cognitive, corporelle, \u00e9motionnelle, de fa\u00e7on \u00e0 trouver un point de coh\u00e9rence et de r\u00e9sonance qui va \u00eatre finalement le point d\u2019intrication (d\u2019enchev\u00eatrement) entre le praticien et la personne qui consulte. Il s\u2019agit d\u2019utiliser un protocole pr\u00e9cis, issu de diff\u00e9rentes techniques, s\u2019appuyant sur l\u2019axe c\u00e9r\u00e9bro-cardio-intestinal de la personne et mettant en \u0153uvre plusieurs outils, dont des outils permettant d\u2019entrer tr\u00e8s rapidement dans un \u00e9tat de conscience plus large. Le c\u0153ur joue un r\u00f4le central pour permettre l\u2019acc\u00e8s \u00e0 l\u2019\u00e9piconscience qui \u00e0 son tour ouvre une porte dans le champ unifi\u00e9 de conscience. Source de toute manifestation dans notre r\u00e9alit\u00e9 3D, celui-ci constitue un r\u00e9servoir de possibilit\u00e9s illimit\u00e9es. Parmi celles-ci, la pratique de NP permet la manifestation de la r\u00e9ponse optimale, \u00e0 cet instant pr\u00e9cis, \u00e0 la pr\u00e9occupation de la personne. Celle-ci a alors l\u2019opportunit\u00e9 d\u2019observer cette r\u00e9ponse numineuse et de se laisser surprendre par le surgissement de perspectives nouvelles, de nature \u00e0 lui permettre d\u2019emprunter une voie de transformation et d\u2018\u00e9panouissement, en b\u00e9n\u00e9ficiant de l\u2019accompagnement d\u2019un.e ontobionome*<\/p>\n<p>*onto\u00a0: l&rsquo;\u00eatre, ce qui est\u00a0; bio\u00a0: la vie\u00a0; nomie\u00a0: la connaissance, la r\u00e8gle<\/p>\n<p><a href=\"https:\/\/www.numenprocess.fr\/\" target=\"_blank\" rel=\"noreferrer noopener\" aria-label=\"Pour en savoir plus (s\u2019ouvre dans un nouvel onglet)\">Pour en savoir plus<\/a><\/p>\n","protected":false},"excerpt":{"rendered":"<p>Numen Process et ontobionomie en r\u00e9sum\u00e9 Numen Process (en abr\u00e9g\u00e9, NP) est une m\u00e9thode n\u00e9e d\u2019exp\u00e9riences personnelles et trans-personnelles v\u00e9cues par son cr\u00e9ateur, le docteur St\u00e9phane Leroy, \u00e0 travers des enseignements tant chamaniques que spirituels avec des ma\u00eetres issus de diverses traditions, notamment tib\u00e9taine et orthodoxe, conjugu\u00e9s avec un travail impressionnant au niveau universitaire. Le &hellip; <a href=\"https:\/\/gpuisegur.com\/?page_id=9\" class=\"more-link\">Continuer la lecture<span class=\"screen-reader-text\"> de &laquo;&nbsp;\u00c0 propos :&nbsp;&raquo;<\/span><\/a><\/p>\n","protected":false},"author":1,"featured_media":0,"parent":0,"menu_order":0,"comment_status":"closed","ping_status":"closed","template":"","meta":{"footnotes":""},"class_list":["post-9","page","type-page","status-publish","hentry"],"_links":{"self":[{"href":"https:\/\/gpuisegur.com\/index.php?rest_route=\/wp\/v2\/pages\/9","targetHints":{"allow":["GET"]}}],"collection":[{"href":"https:\/\/gpuisegur.com\/index.php?rest_route=\/wp\/v2\/pages"}],"about":[{"href":"https:\/\/gpuisegur.com\/index.php?rest_route=\/wp\/v2\/types\/page"}],"author":[{"embeddable":true,"href":"https:\/\/gpuisegur.com\/index.php?rest_route=\/wp\/v2\/users\/1"}],"replies":[{"embeddable":true,"href":"https:\/\/gpuisegur.com\/index.php?rest_route=%2Fwp%2Fv2%2Fcomments&post=9"}],"version-history":[{"count":21,"href":"https:\/\/gpuisegur.com\/index.php?rest_route=\/wp\/v2\/pages\/9\/revisions"}],"predecessor-version":[{"id":1401,"href":"https:\/\/gpuisegur.com\/index.php?rest_route=\/wp\/v2\/pages\/9\/revisions\/1401"}],"wp:attachment":[{"href":"https:\/\/gpuisegur.com\/index.php?rest_route=%2Fwp%2Fv2%2Fmedia&parent=9"}],"curies":[{"name":"wp","href":"https:\/\/api.w.org\/{rel}","templated":true}]}}